{"id":2950,"date":"2020-03-03T06:15:24","date_gmt":"2020-03-03T05:15:24","guid":{"rendered":"https:\/\/www.hosteleriagipuzkoa.com\/ekitaldiak\/"},"modified":"2024-02-13T09:37:10","modified_gmt":"2024-02-13T08:37:10","slug":"ekitaldiak","status":"publish","type":"page","link":"https:\/\/www.hosteleriagipuzkoa.com\/eu\/ekitaldiak\/","title":{"rendered":"Ekitaldiak"},"content":{"rendered":"\t\t<div data-elementor-type=\"wp-page\" data-elementor-id=\"2950\" class=\"elementor elementor-2950 elementor-997\" data-elementor-post-type=\"page\">\n\t\t\t\t\t\t<section class=\"elementor-section elementor-top-section elementor-element elementor-element-d01c4c4 elementor-section-stretched elementor-section-full_width elementor-section-height-default elementor-section-height-default\" data-id=\"d01c4c4\" data-element_type=\"section\" data-e-type=\"section\" data-settings=\"{&quot;stretch_section&quot;:&quot;section-stretched&quot;}\">\n\t\t\t\t\t\t<div class=\"elementor-container elementor-column-gap-default\">\n\t\t\t\t\t<div class=\"elementor-column elementor-col-100 elementor-top-column elementor-element elementor-element-5475864\" data-id=\"5475864\" data-element_type=\"column\" data-e-type=\"column\">\n\t\t\t<div class=\"elementor-widget-wrap elementor-element-populated\">\n\t\t\t\t\t\t<div class=\"elementor-element elementor-element-86d0c80 elementor-widget elementor-widget-citygovt_events\" data-id=\"86d0c80\" data-element_type=\"widget\" data-e-type=\"widget\" data-widget_type=\"citygovt_events.default\">\n\t\t\t\t<div class=\"elementor-widget-container\">\n\t\t\t\t\t\t\t\t\t<div class=\"sidebar-page-container\">\r\n\t\t\t<div class=\"auto-container\">\r\n\t\t\t\t<div class=\"row clearfix\">\r\n\t\t\t\t\t<div class=\"col-lg-12 col-md-12 col-sm-12\">\r\n\t\t\t\t\t\t<div class=\"events-list\">\r\n\t\t\t\t\t\t\t<!--Event Block-->\r\n\t\t\t\t\t\t\t\t\t\t\t\t\t\t\t\t<div class=\"event-block\">\r\n\t\t\t\t\t\t\t\t\t\t<div class=\"inner-box\">\r\n\t\t\t\t\t\t\t\t\t\t\t<div class=\"content-box\">\r\n\t\t\t\t\t\t\t\t\t\t\t\t<div class=\"date-box\">\r\n\t\t\t\t\t\t\t\t\t\t\t\t\t<div class=\"date\"><span\r\n\t\t\t\t\t\t\t\t\t\t\t\t\t\t\tclass=\"day\">13<\/span><span\r\n\t\t\t\t\t\t\t\t\t\t\t\t\t\t\tclass=\"month\">October<\/span>\r\n\t\t\t\t\t\t\t\t\t\t\t\t\t<\/div>\r\n\t\t\t\t\t\t\t\t\t\t\t\t<\/div>\r\n\t\t\t\t\t\t\t\t\t\t\t\t<div class=\"content\">\r\n\t\t\t\t\t\t\t\t\t\t\t\t\t<div class=\"cat-info\">\r\n\t\t\t\t\t\t\t\t\t\t\t\t\t<span>Formakuntza<\/span> \t\t\t\t\t\t\t\t\t\t\t\t\t<\/div>\r\n\t\t\t\t\t\t\t\t\t\t\t\t\t<h3><a href=\"https:\/\/www.hosteleriagipuzkoa.com\/eu\/evento\/hitz-egiten-duten-zenbakiak-zure-negoziorako-finantza-praktikoak\/\">Hitz egiten duten zenbakiak: zure negoziorako finantza praktikoak<\/a><\/h3>\r\n\t\t\t\t\t\t\t\t\t\t\t\t\t<ul class=\"notification\">\r\n\t\t\t\t\t\t\t\t\t\t\t\t\t\t<li>\r\n\t\t\t\t\t\t\t\t\t\t\t\t\t\t\t<div class=\"location\"><span class=\"fa fa-map-marked-alt\"><\/span>San Bartolome Gaina K., 16<\/div>\r\n\t\t\t\t\t\t\t\t\t\t\t\t\t\t<\/li>\r\n\t\t\t\t\t\t\t\t\t\t\t\t\t\t<li>\r\n\t\t\t\t\t\t\t\t\t\t\t\t\t\t\t<div class=\"timing\"><span class=\"fa fa-clock\"><\/span>\r\n\t\t\t\t\t\t\t\t\t\t\t\t\t\t\t\t\t\t\t\t\t\t\t\t\t\t\t\t\t\t\t9:30 a \r\n\t\t\t\t\t\t\t\t\t\t\t\t\t\t\t\t16:15<\/div>\r\n\t\t\t\t\t\t\t\t\t\t\t\t\t\t\t\t\t\t\t\t\t\t\t\t\t\t\t\t\t<\/li>\r\n\t\t\t\t\t\t\t\t\t\t\t\t\t<\/ul>\r\n\t\t\t\t\t\t\t\t\t\t\t\t\t<div class=\"read-more\"><a\r\n\t\t\t\t\t\t\t\t\t\t\t\t\t\t\thref=\"https:\/\/www.hosteleriagipuzkoa.com\/eu\/evento\/hitz-egiten-duten-zenbakiak-zure-negoziorako-finantza-praktikoak\/\">Leer m\u00e1s<\/a>\r\n\t\t\t\t\t\t\t\t\t\t\t\t\t<\/div>\r\n\t\t\t\t\t\t\t\t\t\t\t\t<\/div>\r\n\t\t\t\t\t\t\t\t\t\t\t<\/div>\r\n\t\t\t\t\t\t\t\t\t\t<\/div>\r\n\t\t\t\t\t\t\t\t\t<\/div>\r\n\t\t\t\t\t\t\t\t\t\t\t\t\t\t\t\t\t\t<div class=\"event-block\">\r\n\t\t\t\t\t\t\t\t\t\t<div class=\"inner-box\">\r\n\t\t\t\t\t\t\t\t\t\t\t<div class=\"content-box\">\r\n\t\t\t\t\t\t\t\t\t\t\t\t<div class=\"date-box\">\r\n\t\t\t\t\t\t\t\t\t\t\t\t\t<div class=\"date\"><span\r\n\t\t\t\t\t\t\t\t\t\t\t\t\t\t\tclass=\"day\">27<\/span><span\r\n\t\t\t\t\t\t\t\t\t\t\t\t\t\t\tclass=\"month\">October<\/span>\r\n\t\t\t\t\t\t\t\t\t\t\t\t\t<\/div>\r\n\t\t\t\t\t\t\t\t\t\t\t\t<\/div>\r\n\t\t\t\t\t\t\t\t\t\t\t\t<div class=\"content\">\r\n\t\t\t\t\t\t\t\t\t\t\t\t\t<div class=\"cat-info\">\r\n\t\t\t\t\t\t\t\t\t\t\t\t\t<span>Formakuntza<\/span> \t\t\t\t\t\t\t\t\t\t\t\t\t<\/div>\r\n\t\t\t\t\t\t\t\t\t\t\t\t\t<h3><a href=\"https:\/\/www.hosteleriagipuzkoa.com\/eu\/evento\/komunikatzeko-artea-konkistatu-eta-fidelizatu-zure-bezeroa\/\">Komunikatzeko artea: Konkistatu eta fidelizatu zure bezeroa<\/a><\/h3>\r\n\t\t\t\t\t\t\t\t\t\t\t\t\t<ul class=\"notification\">\r\n\t\t\t\t\t\t\t\t\t\t\t\t\t\t<li>\r\n\t\t\t\t\t\t\t\t\t\t\t\t\t\t\t<div class=\"location\"><span class=\"fa fa-map-marked-alt\"><\/span>Almortza 2<\/div>\r\n\t\t\t\t\t\t\t\t\t\t\t\t\t\t<\/li>\r\n\t\t\t\t\t\t\t\t\t\t\t\t\t\t<li>\r\n\t\t\t\t\t\t\t\t\t\t\t\t\t\t\t<div class=\"timing\"><span class=\"fa fa-clock\"><\/span>\r\n\t\t\t\t\t\t\t\t\t\t\t\t\t\t\t\t\t\t\t\t\t\t\t\t\t\t\t\t\t\t\t9:00 a \r\n\t\t\t\t\t\t\t\t\t\t\t\t\t\t\t\t18:00<\/div>\r\n\t\t\t\t\t\t\t\t\t\t\t\t\t\t\t\t\t\t\t\t\t\t\t\t\t\t\t\t\t<\/li>\r\n\t\t\t\t\t\t\t\t\t\t\t\t\t<\/ul>\r\n\t\t\t\t\t\t\t\t\t\t\t\t\t<div class=\"read-more\"><a\r\n\t\t\t\t\t\t\t\t\t\t\t\t\t\t\thref=\"https:\/\/www.hosteleriagipuzkoa.com\/eu\/evento\/komunikatzeko-artea-konkistatu-eta-fidelizatu-zure-bezeroa\/\">Leer m\u00e1s<\/a>\r\n\t\t\t\t\t\t\t\t\t\t\t\t\t<\/div>\r\n\t\t\t\t\t\t\t\t\t\t\t\t<\/div>\r\n\t\t\t\t\t\t\t\t\t\t\t<\/div>\r\n\t\t\t\t\t\t\t\t\t\t<\/div>\r\n\t\t\t\t\t\t\t\t\t<\/div>\r\n\t\t\t\t\t\t\t\t\t\t\t\t\t\t\t\t\t\t<div class=\"event-block\">\r\n\t\t\t\t\t\t\t\t\t\t<div class=\"inner-box\">\r\n\t\t\t\t\t\t\t\t\t\t\t<div class=\"content-box\">\r\n\t\t\t\t\t\t\t\t\t\t\t\t<div class=\"date-box\">\r\n\t\t\t\t\t\t\t\t\t\t\t\t\t<div class=\"date\"><span\r\n\t\t\t\t\t\t\t\t\t\t\t\t\t\t\tclass=\"day\">10<\/span><span\r\n\t\t\t\t\t\t\t\t\t\t\t\t\t\t\tclass=\"month\">November<\/span>\r\n\t\t\t\t\t\t\t\t\t\t\t\t\t<\/div>\r\n\t\t\t\t\t\t\t\t\t\t\t\t<\/div>\r\n\t\t\t\t\t\t\t\t\t\t\t\t<div class=\"content\">\r\n\t\t\t\t\t\t\t\t\t\t\t\t\t<div class=\"cat-info\">\r\n\t\t\t\t\t\t\t\t\t\t\t\t\t<span>Formakuntza<\/span> \t\t\t\t\t\t\t\t\t\t\t\t\t<\/div>\r\n\t\t\t\t\t\t\t\t\t\t\t\t\t<h3><a href=\"https:\/\/www.hosteleriagipuzkoa.com\/eu\/evento\/ekintzatik-gidatzea-talde-motibatuak-txanda-eraginkorrak\/\">Ekintzatik gidatzea: talde motibatuak, txanda eraginkorrak<\/a><\/h3>\r\n\t\t\t\t\t\t\t\t\t\t\t\t\t<ul class=\"notification\">\r\n\t\t\t\t\t\t\t\t\t\t\t\t\t\t<li>\r\n\t\t\t\t\t\t\t\t\t\t\t\t\t\t\t<div class=\"location\"><span class=\"fa fa-map-marked-alt\"><\/span>Almortza 2<\/div>\r\n\t\t\t\t\t\t\t\t\t\t\t\t\t\t<\/li>\r\n\t\t\t\t\t\t\t\t\t\t\t\t\t\t<li>\r\n\t\t\t\t\t\t\t\t\t\t\t\t\t\t\t<div class=\"timing\"><span class=\"fa fa-clock\"><\/span>\r\n\t\t\t\t\t\t\t\t\t\t\t\t\t\t\t\t\t\t\t\t\t\t\t\t\t\t\t\t\t\t\t9:00 a \r\n\t\t\t\t\t\t\t\t\t\t\t\t\t\t\t\t18:00<\/div>\r\n\t\t\t\t\t\t\t\t\t\t\t\t\t\t\t\t\t\t\t\t\t\t\t\t\t\t\t\t\t<\/li>\r\n\t\t\t\t\t\t\t\t\t\t\t\t\t<\/ul>\r\n\t\t\t\t\t\t\t\t\t\t\t\t\t<div class=\"read-more\"><a\r\n\t\t\t\t\t\t\t\t\t\t\t\t\t\t\thref=\"https:\/\/www.hosteleriagipuzkoa.com\/eu\/evento\/ekintzatik-gidatzea-talde-motibatuak-txanda-eraginkorrak\/\">Leer m\u00e1s<\/a>\r\n\t\t\t\t\t\t\t\t\t\t\t\t\t<\/div>\r\n\t\t\t\t\t\t\t\t\t\t\t\t<\/div>\r\n\t\t\t\t\t\t\t\t\t\t\t<\/div>\r\n\t\t\t\t\t\t\t\t\t\t<\/div>\r\n\t\t\t\t\t\t\t\t\t<\/div>\r\n\t\t\t\t\t\t\t\t\t\t\t\t\t\t\t\t\t\t<div class=\"event-block\">\r\n\t\t\t\t\t\t\t\t\t\t<div class=\"inner-box\">\r\n\t\t\t\t\t\t\t\t\t\t\t<div class=\"content-box\">\r\n\t\t\t\t\t\t\t\t\t\t\t\t<div class=\"date-box\">\r\n\t\t\t\t\t\t\t\t\t\t\t\t\t<div class=\"date\"><span\r\n\t\t\t\t\t\t\t\t\t\t\t\t\t\t\tclass=\"day\">24<\/span><span\r\n\t\t\t\t\t\t\t\t\t\t\t\t\t\t\tclass=\"month\">November<\/span>\r\n\t\t\t\t\t\t\t\t\t\t\t\t\t<\/div>\r\n\t\t\t\t\t\t\t\t\t\t\t\t<\/div>\r\n\t\t\t\t\t\t\t\t\t\t\t\t<div class=\"content\">\r\n\t\t\t\t\t\t\t\t\t\t\t\t\t<div class=\"cat-info\">\r\n\t\t\t\t\t\t\t\t\t\t\t\t\t<span>Formakuntza<\/span> \t\t\t\t\t\t\t\t\t\t\t\t\t<\/div>\r\n\t\t\t\t\t\t\t\t\t\t\t\t\t<h3><a href=\"https:\/\/www.hosteleriagipuzkoa.com\/eu\/evento\/digitalizatu-hobeto-kudeatzeko-tresna-errazak\/\">Digitalizatu: Hobeto kudeatzeko tresna errazak<\/a><\/h3>\r\n\t\t\t\t\t\t\t\t\t\t\t\t\t<ul class=\"notification\">\r\n\t\t\t\t\t\t\t\t\t\t\t\t\t\t<li>\r\n\t\t\t\t\t\t\t\t\t\t\t\t\t\t\t<div class=\"location\"><span class=\"fa fa-map-marked-alt\"><\/span>Almortza 2<\/div>\r\n\t\t\t\t\t\t\t\t\t\t\t\t\t\t<\/li>\r\n\t\t\t\t\t\t\t\t\t\t\t\t\t\t<li>\r\n\t\t\t\t\t\t\t\t\t\t\t\t\t\t\t<div class=\"timing\"><span class=\"fa fa-clock\"><\/span>\r\n\t\t\t\t\t\t\t\t\t\t\t\t\t\t\t\t\t\t\t\t\t\t\t\t\t\t\t\t\t\t\t9:00 a \r\n\t\t\t\t\t\t\t\t\t\t\t\t\t\t\t\t18:00<\/div>\r\n\t\t\t\t\t\t\t\t\t\t\t\t\t\t\t\t\t\t\t\t\t\t\t\t\t\t\t\t\t<\/li>\r\n\t\t\t\t\t\t\t\t\t\t\t\t\t<\/ul>\r\n\t\t\t\t\t\t\t\t\t\t\t\t\t<div class=\"read-more\"><a\r\n\t\t\t\t\t\t\t\t\t\t\t\t\t\t\thref=\"https:\/\/www.hosteleriagipuzkoa.com\/eu\/evento\/digitalizatu-hobeto-kudeatzeko-tresna-errazak\/\">Leer m\u00e1s<\/a>\r\n\t\t\t\t\t\t\t\t\t\t\t\t\t<\/div>\r\n\t\t\t\t\t\t\t\t\t\t\t\t<\/div>\r\n\t\t\t\t\t\t\t\t\t\t\t<\/div>\r\n\t\t\t\t\t\t\t\t\t\t<\/div>\r\n\t\t\t\t\t\t\t\t\t<\/div>\r\n\t\t\t\t\t\t\t\t\t\t\t\t\t\t\t\t\t\t<div class=\"event-block\">\r\n\t\t\t\t\t\t\t\t\t\t<div class=\"inner-box\">\r\n\t\t\t\t\t\t\t\t\t\t\t<div class=\"content-box\">\r\n\t\t\t\t\t\t\t\t\t\t\t\t<div class=\"date-box\">\r\n\t\t\t\t\t\t\t\t\t\t\t\t\t<div class=\"date\"><span\r\n\t\t\t\t\t\t\t\t\t\t\t\t\t\t\tclass=\"day\">15<\/span><span\r\n\t\t\t\t\t\t\t\t\t\t\t\t\t\t\tclass=\"month\">December<\/span>\r\n\t\t\t\t\t\t\t\t\t\t\t\t\t<\/div>\r\n\t\t\t\t\t\t\t\t\t\t\t\t<\/div>\r\n\t\t\t\t\t\t\t\t\t\t\t\t<div class=\"content\">\r\n\t\t\t\t\t\t\t\t\t\t\t\t\t<div class=\"cat-info\">\r\n\t\t\t\t\t\t\t\t\t\t\t\t\t<span>Formakuntza<\/span> \t\t\t\t\t\t\t\t\t\t\t\t\t<\/div>\r\n\t\t\t\t\t\t\t\t\t\t\t\t\t<h3><a href=\"https:\/\/www.hosteleriagipuzkoa.com\/eu\/evento\/saltzen-duen-marketina-ikusgarritasuna-eta-sare-sozialak-denon-eskura\/\">Saltzen duen marketina: Ikusgarritasuna eta sare sozialak denon eskura<\/a><\/h3>\r\n\t\t\t\t\t\t\t\t\t\t\t\t\t<ul class=\"notification\">\r\n\t\t\t\t\t\t\t\t\t\t\t\t\t\t<li>\r\n\t\t\t\t\t\t\t\t\t\t\t\t\t\t\t<div class=\"location\"><span class=\"fa fa-map-marked-alt\"><\/span>Almortza 2<\/div>\r\n\t\t\t\t\t\t\t\t\t\t\t\t\t\t<\/li>\r\n\t\t\t\t\t\t\t\t\t\t\t\t\t\t<li>\r\n\t\t\t\t\t\t\t\t\t\t\t\t\t\t\t<div class=\"timing\"><span class=\"fa fa-clock\"><\/span>\r\n\t\t\t\t\t\t\t\t\t\t\t\t\t\t\t\t\t\t\t\t\t\t\t\t\t\t\t\t\t\t\t9:00 a \r\n\t\t\t\t\t\t\t\t\t\t\t\t\t\t\t\t18:00<\/div>\r\n\t\t\t\t\t\t\t\t\t\t\t\t\t\t\t\t\t\t\t\t\t\t\t\t\t\t\t\t\t<\/li>\r\n\t\t\t\t\t\t\t\t\t\t\t\t\t<\/ul>\r\n\t\t\t\t\t\t\t\t\t\t\t\t\t<div class=\"read-more\"><a\r\n\t\t\t\t\t\t\t\t\t\t\t\t\t\t\thref=\"https:\/\/www.hosteleriagipuzkoa.com\/eu\/evento\/saltzen-duen-marketina-ikusgarritasuna-eta-sare-sozialak-denon-eskura\/\">Leer m\u00e1s<\/a>\r\n\t\t\t\t\t\t\t\t\t\t\t\t\t<\/div>\r\n\t\t\t\t\t\t\t\t\t\t\t\t<\/div>\r\n\t\t\t\t\t\t\t\t\t\t\t<\/div>\r\n\t\t\t\t\t\t\t\t\t\t<\/div>\r\n\t\t\t\t\t\t\t\t\t<\/div>\r\n\t\t\t\t\t\t\t\t\t\t\t\t\t\t\t<\/div>\r\n\t\t\t\t\t\t\t\t\t\t\t\t\t<div class=\"pagination-box text-right\">\r\n\t\t\t\t\t\t\t\t\t\t\t\t\t\t\t\t\t<div class=\"styled-pagination custom-pagination-style\">\r\n\t\t\t\t\t\t\t\t\t\t\t\t\t\t\t\t\t<\/div>\r\n\t\t\t\t\t\t\t<\/div>\r\n\t\t\t\t\t\t\t\t\t\t\t<\/div>\r\n\t\t\t\t<\/div>\r\n\t\t\t<\/div>\r\n\t\t<\/div>\r\n\t\t\t\t\t<\/div>\n\t\t\t\t<\/div>\n\t\t\t\t\t<\/div>\n\t\t<\/div>\n\t\t\t\t\t<\/div>\n\t\t<\/section>\n\t\t\t\t<\/div>\n\t\t","protected":false},"excerpt":{"rendered":"<p>14marzo Conferencias Presentaci\u00f3n de COPERAMA Calle Almortza, 2 17:30 a 19:00 Leer m\u00e1s 23diciembre Conferencias Prepara las Navidades en la Alde Zaharra 13:00 a 18:00 Leer m\u00e1s 22diciembre Celebration El [&hellip;]<\/p>\n","protected":false},"author":1,"featured_media":3898,"parent":0,"menu_order":0,"comment_status":"closed","ping_status":"closed","template":"","meta":{"footnotes":""},"class_list":["post-2950","page","type-page","status-publish","has-post-thumbnail","hentry","cat_formazioa"],"yoast_head":"<!-- This site is optimized with the Yoast SEO plugin v27.5 - https:\/\/yoast.com\/product\/yoast-seo-wordpress\/ -->\n<title>Ekitaldiak - Asociaci\u00f3n de Hosteler\u00eda de Gipuzkoa | Gipuzkoako Ostalaritza Elkartea<\/title>\n<meta name=\"robots\" content=\"index, follow, max-snippet:-1, max-image-preview:large, max-video-preview:-1\" \/>\n<link rel=\"canonical\" href=\"https:\/\/www.hosteleriagipuzkoa.com\/eu\/ekitaldiak\/\" \/>\n<meta property=\"og:locale\" content=\"eu_ES\" \/>\n<meta property=\"og:type\" content=\"article\" \/>\n<meta property=\"og:title\" content=\"Ekitaldiak - Asociaci\u00f3n de Hosteler\u00eda de Gipuzkoa | Gipuzkoako Ostalaritza Elkartea\" \/>\n<meta property=\"og:description\" content=\"14marzo Conferencias Presentaci\u00f3n de COPERAMA Calle Almortza, 2 17:30 a 19:00 Leer m\u00e1s 23diciembre Conferencias Prepara las Navidades en la Alde Zaharra 13:00 a 18:00 Leer m\u00e1s 22diciembre Celebration El [&hellip;]\" \/>\n<meta property=\"og:url\" content=\"https:\/\/www.hosteleriagipuzkoa.com\/eu\/ekitaldiak\/\" \/>\n<meta property=\"og:site_name\" content=\"Asociaci\u00f3n de Hosteler\u00eda de Gipuzkoa | Gipuzkoako Ostalaritza Elkartea\" \/>\n<meta property=\"article:modified_time\" content=\"2024-02-13T08:37:10+00:00\" \/>\n<meta property=\"og:image\" content=\"https:\/\/www.hosteleriagipuzkoa.com\/wp-content\/uploads\/2024\/02\/DSC03732-Mejorado-NR-scaled.jpg\" \/>\n\t<meta property=\"og:image:width\" content=\"2560\" \/>\n\t<meta property=\"og:image:height\" content=\"1707\" \/>\n\t<meta property=\"og:image:type\" content=\"image\/jpeg\" \/>\n<meta name=\"twitter:card\" content=\"summary_large_image\" \/>\n<script type=\"application\/ld+json\" class=\"yoast-schema-graph\">{\"@context\":\"https:\\\/\\\/schema.org\",\"@graph\":[{\"@type\":\"WebPage\",\"@id\":\"https:\\\/\\\/www.hosteleriagipuzkoa.com\\\/eu\\\/ekitaldiak\\\/\",\"url\":\"https:\\\/\\\/www.hosteleriagipuzkoa.com\\\/eu\\\/ekitaldiak\\\/\",\"name\":\"Ekitaldiak - Asociaci\u00f3n de Hosteler\u00eda de Gipuzkoa | Gipuzkoako Ostalaritza Elkartea\",\"isPartOf\":{\"@id\":\"https:\\\/\\\/www.hosteleriagipuzkoa.com\\\/#website\"},\"primaryImageOfPage\":{\"@id\":\"https:\\\/\\\/www.hosteleriagipuzkoa.com\\\/eu\\\/ekitaldiak\\\/#primaryimage\"},\"image\":{\"@id\":\"https:\\\/\\\/www.hosteleriagipuzkoa.com\\\/eu\\\/ekitaldiak\\\/#primaryimage\"},\"thumbnailUrl\":\"https:\\\/\\\/www.hosteleriagipuzkoa.com\\\/wp-content\\\/uploads\\\/2024\\\/02\\\/DSC03732-Mejorado-NR-scaled.jpg\",\"datePublished\":\"2020-03-03T05:15:24+00:00\",\"dateModified\":\"2024-02-13T08:37:10+00:00\",\"breadcrumb\":{\"@id\":\"https:\\\/\\\/www.hosteleriagipuzkoa.com\\\/eu\\\/ekitaldiak\\\/#breadcrumb\"},\"inLanguage\":\"eu-ES\",\"potentialAction\":[{\"@type\":\"ReadAction\",\"target\":[\"https:\\\/\\\/www.hosteleriagipuzkoa.com\\\/eu\\\/ekitaldiak\\\/\"]}]},{\"@type\":\"ImageObject\",\"inLanguage\":\"eu-ES\",\"@id\":\"https:\\\/\\\/www.hosteleriagipuzkoa.com\\\/eu\\\/ekitaldiak\\\/#primaryimage\",\"url\":\"https:\\\/\\\/www.hosteleriagipuzkoa.com\\\/wp-content\\\/uploads\\\/2024\\\/02\\\/DSC03732-Mejorado-NR-scaled.jpg\",\"contentUrl\":\"https:\\\/\\\/www.hosteleriagipuzkoa.com\\\/wp-content\\\/uploads\\\/2024\\\/02\\\/DSC03732-Mejorado-NR-scaled.jpg\",\"width\":2560,\"height\":1707},{\"@type\":\"BreadcrumbList\",\"@id\":\"https:\\\/\\\/www.hosteleriagipuzkoa.com\\\/eu\\\/ekitaldiak\\\/#breadcrumb\",\"itemListElement\":[{\"@type\":\"ListItem\",\"position\":1,\"name\":\"Portada\",\"item\":\"https:\\\/\\\/www.hosteleriagipuzkoa.com\\\/eu\\\/hasiera\\\/\"},{\"@type\":\"ListItem\",\"position\":2,\"name\":\"Ekitaldiak\"}]},{\"@type\":\"WebSite\",\"@id\":\"https:\\\/\\\/www.hosteleriagipuzkoa.com\\\/#website\",\"url\":\"https:\\\/\\\/www.hosteleriagipuzkoa.com\\\/\",\"name\":\"Asociaci\u00f3n de Hosteler\u00eda de Gipuzkoa | Gipuzkoako Ostalaritza Elkartea\",\"description\":\"\",\"publisher\":{\"@id\":\"https:\\\/\\\/www.hosteleriagipuzkoa.com\\\/#organization\"},\"potentialAction\":[{\"@type\":\"SearchAction\",\"target\":{\"@type\":\"EntryPoint\",\"urlTemplate\":\"https:\\\/\\\/www.hosteleriagipuzkoa.com\\\/?s={search_term_string}\"},\"query-input\":{\"@type\":\"PropertyValueSpecification\",\"valueRequired\":true,\"valueName\":\"search_term_string\"}}],\"inLanguage\":\"eu-ES\"},{\"@type\":\"Organization\",\"@id\":\"https:\\\/\\\/www.hosteleriagipuzkoa.com\\\/#organization\",\"name\":\"Asociaci\u00f3n de Hosteler\u00eda de Gipuzkoa | Gipuzkoako Ostalaritza Elkartea\",\"url\":\"https:\\\/\\\/www.hosteleriagipuzkoa.com\\\/\",\"logo\":{\"@type\":\"ImageObject\",\"inLanguage\":\"eu-ES\",\"@id\":\"https:\\\/\\\/www.hosteleriagipuzkoa.com\\\/#\\\/schema\\\/logo\\\/image\\\/\",\"url\":\"https:\\\/\\\/www.hosteleriagipuzkoa.com\\\/wp-content\\\/uploads\\\/2022\\\/02\\\/logo-hosteleria-gipuzkoa.png\",\"contentUrl\":\"https:\\\/\\\/www.hosteleriagipuzkoa.com\\\/wp-content\\\/uploads\\\/2022\\\/02\\\/logo-hosteleria-gipuzkoa.png\",\"width\":175,\"height\":99,\"caption\":\"Asociaci\u00f3n de Hosteler\u00eda de Gipuzkoa | Gipuzkoako Ostalaritza Elkartea\"},\"image\":{\"@id\":\"https:\\\/\\\/www.hosteleriagipuzkoa.com\\\/#\\\/schema\\\/logo\\\/image\\\/\"}}]}<\/script>\n<!-- \/ Yoast SEO plugin. -->","yoast_head_json":{"title":"Ekitaldiak - Asociaci\u00f3n de Hosteler\u00eda de Gipuzkoa | Gipuzkoako Ostalaritza Elkartea","robots":{"index":"index","follow":"follow","max-snippet":"max-snippet:-1","max-image-preview":"max-image-preview:large","max-video-preview":"max-video-preview:-1"},"canonical":"https:\/\/www.hosteleriagipuzkoa.com\/eu\/ekitaldiak\/","og_locale":"eu_ES","og_type":"article","og_title":"Ekitaldiak - Asociaci\u00f3n de Hosteler\u00eda de Gipuzkoa | Gipuzkoako Ostalaritza Elkartea","og_description":"14marzo Conferencias Presentaci\u00f3n de COPERAMA Calle Almortza, 2 17:30 a 19:00 Leer m\u00e1s 23diciembre Conferencias Prepara las Navidades en la Alde Zaharra 13:00 a 18:00 Leer m\u00e1s 22diciembre Celebration El [&hellip;]","og_url":"https:\/\/www.hosteleriagipuzkoa.com\/eu\/ekitaldiak\/","og_site_name":"Asociaci\u00f3n de Hosteler\u00eda de Gipuzkoa | Gipuzkoako Ostalaritza Elkartea","article_modified_time":"2024-02-13T08:37:10+00:00","og_image":[{"width":2560,"height":1707,"url":"https:\/\/www.hosteleriagipuzkoa.com\/wp-content\/uploads\/2024\/02\/DSC03732-Mejorado-NR-scaled.jpg","type":"image\/jpeg"}],"twitter_card":"summary_large_image","schema":{"@context":"https:\/\/schema.org","@graph":[{"@type":"WebPage","@id":"https:\/\/www.hosteleriagipuzkoa.com\/eu\/ekitaldiak\/","url":"https:\/\/www.hosteleriagipuzkoa.com\/eu\/ekitaldiak\/","name":"Ekitaldiak - Asociaci\u00f3n de Hosteler\u00eda de Gipuzkoa | Gipuzkoako Ostalaritza Elkartea","isPartOf":{"@id":"https:\/\/www.hosteleriagipuzkoa.com\/#website"},"primaryImageOfPage":{"@id":"https:\/\/www.hosteleriagipuzkoa.com\/eu\/ekitaldiak\/#primaryimage"},"image":{"@id":"https:\/\/www.hosteleriagipuzkoa.com\/eu\/ekitaldiak\/#primaryimage"},"thumbnailUrl":"https:\/\/www.hosteleriagipuzkoa.com\/wp-content\/uploads\/2024\/02\/DSC03732-Mejorado-NR-scaled.jpg","datePublished":"2020-03-03T05:15:24+00:00","dateModified":"2024-02-13T08:37:10+00:00","breadcrumb":{"@id":"https:\/\/www.hosteleriagipuzkoa.com\/eu\/ekitaldiak\/#breadcrumb"},"inLanguage":"eu-ES","potentialAction":[{"@type":"ReadAction","target":["https:\/\/www.hosteleriagipuzkoa.com\/eu\/ekitaldiak\/"]}]},{"@type":"ImageObject","inLanguage":"eu-ES","@id":"https:\/\/www.hosteleriagipuzkoa.com\/eu\/ekitaldiak\/#primaryimage","url":"https:\/\/www.hosteleriagipuzkoa.com\/wp-content\/uploads\/2024\/02\/DSC03732-Mejorado-NR-scaled.jpg","contentUrl":"https:\/\/www.hosteleriagipuzkoa.com\/wp-content\/uploads\/2024\/02\/DSC03732-Mejorado-NR-scaled.jpg","width":2560,"height":1707},{"@type":"BreadcrumbList","@id":"https:\/\/www.hosteleriagipuzkoa.com\/eu\/ekitaldiak\/#breadcrumb","itemListElement":[{"@type":"ListItem","position":1,"name":"Portada","item":"https:\/\/www.hosteleriagipuzkoa.com\/eu\/hasiera\/"},{"@type":"ListItem","position":2,"name":"Ekitaldiak"}]},{"@type":"WebSite","@id":"https:\/\/www.hosteleriagipuzkoa.com\/#website","url":"https:\/\/www.hosteleriagipuzkoa.com\/","name":"Asociaci\u00f3n de Hosteler\u00eda de Gipuzkoa | Gipuzkoako Ostalaritza Elkartea","description":"","publisher":{"@id":"https:\/\/www.hosteleriagipuzkoa.com\/#organization"},"potentialAction":[{"@type":"SearchAction","target":{"@type":"EntryPoint","urlTemplate":"https:\/\/www.hosteleriagipuzkoa.com\/?s={search_term_string}"},"query-input":{"@type":"PropertyValueSpecification","valueRequired":true,"valueName":"search_term_string"}}],"inLanguage":"eu-ES"},{"@type":"Organization","@id":"https:\/\/www.hosteleriagipuzkoa.com\/#organization","name":"Asociaci\u00f3n de Hosteler\u00eda de Gipuzkoa | Gipuzkoako Ostalaritza Elkartea","url":"https:\/\/www.hosteleriagipuzkoa.com\/","logo":{"@type":"ImageObject","inLanguage":"eu-ES","@id":"https:\/\/www.hosteleriagipuzkoa.com\/#\/schema\/logo\/image\/","url":"https:\/\/www.hosteleriagipuzkoa.com\/wp-content\/uploads\/2022\/02\/logo-hosteleria-gipuzkoa.png","contentUrl":"https:\/\/www.hosteleriagipuzkoa.com\/wp-content\/uploads\/2022\/02\/logo-hosteleria-gipuzkoa.png","width":175,"height":99,"caption":"Asociaci\u00f3n de Hosteler\u00eda de Gipuzkoa | Gipuzkoako Ostalaritza Elkartea"},"image":{"@id":"https:\/\/www.hosteleriagipuzkoa.com\/#\/schema\/logo\/image\/"}}]}},"_links":{"self":[{"href":"https:\/\/www.hosteleriagipuzkoa.com\/eu\/wp-json\/wp\/v2\/pages\/2950","targetHints":{"allow":["GET"]}}],"collection":[{"href":"https:\/\/www.hosteleriagipuzkoa.com\/eu\/wp-json\/wp\/v2\/pages"}],"about":[{"href":"https:\/\/www.hosteleriagipuzkoa.com\/eu\/wp-json\/wp\/v2\/types\/page"}],"author":[{"embeddable":true,"href":"https:\/\/www.hosteleriagipuzkoa.com\/eu\/wp-json\/wp\/v2\/users\/1"}],"replies":[{"embeddable":true,"href":"https:\/\/www.hosteleriagipuzkoa.com\/eu\/wp-json\/wp\/v2\/comments?post=2950"}],"version-history":[{"count":1,"href":"https:\/\/www.hosteleriagipuzkoa.com\/eu\/wp-json\/wp\/v2\/pages\/2950\/revisions"}],"predecessor-version":[{"id":2951,"href":"https:\/\/www.hosteleriagipuzkoa.com\/eu\/wp-json\/wp\/v2\/pages\/2950\/revisions\/2951"}],"wp:featuredmedia":[{"embeddable":true,"href":"https:\/\/www.hosteleriagipuzkoa.com\/eu\/wp-json\/wp\/v2\/media\/3898"}],"wp:attachment":[{"href":"https:\/\/www.hosteleriagipuzkoa.com\/eu\/wp-json\/wp\/v2\/media?parent=2950"}],"curies":[{"name":"wp","href":"https:\/\/api.w.org\/{rel}","templated":true}]}}