{"id":2946,"date":"2023-03-22T09:57:42","date_gmt":"2023-03-22T08:57:42","guid":{"rendered":"https:\/\/www.hosteleriagipuzkoa.com\/lege-oharra\/"},"modified":"2023-04-25T13:06:02","modified_gmt":"2023-04-25T11:06:02","slug":"lege-oharra","status":"publish","type":"page","link":"https:\/\/www.hosteleriagipuzkoa.com\/eu\/lege-oharra\/","title":{"rendered":"Lege-oharra"},"content":{"rendered":"\t\t<div data-elementor-type=\"wp-page\" data-elementor-id=\"2946\" class=\"elementor elementor-2946 elementor-2503\" data-elementor-post-type=\"page\">\n\t\t\t\t\t\t<section class=\"elementor-section elementor-top-section elementor-element elementor-element-cbcd711 elementor-section-boxed elementor-section-height-default elementor-section-height-default\" data-id=\"cbcd711\" data-element_type=\"section\" data-e-type=\"section\">\n\t\t\t\t\t\t<div class=\"elementor-container elementor-column-gap-default\">\n\t\t\t\t\t<div class=\"elementor-column elementor-col-100 elementor-top-column elementor-element elementor-element-dd28230\" data-id=\"dd28230\" data-element_type=\"column\" data-e-type=\"column\">\n\t\t\t<div class=\"elementor-widget-wrap elementor-element-populated\">\n\t\t\t\t\t\t<div class=\"elementor-element elementor-element-21f3177 elementor-widget elementor-widget-text-editor\" data-id=\"21f3177\" data-element_type=\"widget\" data-e-type=\"widget\" data-widget_type=\"text-editor.default\">\n\t\t\t\t\t\t\t\t\t<div id=\"contenido\">\r\n<p>RESPONSABLE: ASOCIACION DE EMPRESARIOS DE HOSTELERIA DE GIPUZKOA<br>CIF: G20056297<br>DIRECCI\u00d3N: Calle Almortza, 2 20018 Donostia-San Sebasti\u00e1n.<br>TEL\u00c9FONO: 943 31 60 40<br>EMAIL: <a href=\"mailto:administracion2@hosteleriagipuzkoa.com\">administracion2@hosteleriagipuzkoa.com<\/a><\/p>\r\n<p><br><\/p>\r\n<h3>Objeto<\/h3>\r\n<p><strong>ASOCIACION DE EMPRESARIOS DE HOSTELERIA DE GIPUZKOA<\/strong> responsable del sitio web, pone a disposici\u00f3n de los usuarios el presente documento con el que pretende dar cumplimiento a las obligaciones dispuestas en la Ley 34\/2002, de Servicios de la Sociedad de la Informaci\u00f3n y del Comercio Electr\u00f3nico (LSSI-CE), as\u00ed como informar a todos los usuarios respecto a cu\u00e1les son las condiciones de uso del mismo.<\/p>\r\n<p>Toda persona que acceda al sitio Web asume el papel de usuario, comprometi\u00e9ndose a la observancia y cumplimiento riguroso de las disposiciones aqu\u00ed dispuestas, as\u00ed como a cualesquiera otras disposiciones legales que fuera de aplicaci\u00f3n.<\/p>\r\n<p><strong>ASOCIACION DE EMPRESARIOS DE HOSTELERIA DE GIPUZKOA<\/strong> se reserva el derecho a modificar cualquier tipo de informaci\u00f3n que pudiera aparecer en su p\u00e1gina web sin que exista obligaci\u00f3n de preavisar o poner en conocimiento de los usuarios dichas obligaciones, entendi\u00e9ndose como suficiente con la publicaci\u00f3n.<\/p>\r\n<p><br><\/p>\r\n<h3>Responsabilidad<\/h3>\r\n<p><strong>ASOCIACION DE EMPRESARIOS DE HOSTELERIA DE GIPUZKOA<\/strong> se exime de cualquier tipo de responsabilidad derivada de la informaci\u00f3n publicada en su sitio Web siempre que esta informaci\u00f3n haya sido manipulada o introducida por un tercero ajeno al mismo.<\/p>\r\n<p><br><\/p>\r\n<h3>Propiedad intelectual<\/h3>\r\n<p><strong>ASOCIACION DE EMPRESARIOS DE HOSTELERIA DE GIPUZKOA<\/strong> es propietaria de toda la informaci\u00f3n contenida en este portal.<\/p>\r\n<p>En virtud de lo dispuesto en la Ley de Propiedad Intelectual, quedan expresamente prohibidas la reproducci\u00f3n, la distribuci\u00f3n y la comunicaci\u00f3n p\u00fablica, incluida su modalidad de puesta a disposici\u00f3n, de la totalidad o parte de los contenidos de esta p\u00e1gina Web, con fines comerciales, en cualquier soporte y por cualquier medio t\u00e9cnico, sin la autorizaci\u00f3n de <strong>ASOCIACION DE EMPRESARIOS DE HOSTELERIA DE GIPUZKOA<\/strong><\/p>\r\n<p>El Usuario se compromete a respetar los derechos de Propiedad Intelectual e Industrial titularidad <strong>ASOCIACION DE EMPRESARIOS DE HOSTELERIA DE GIPUZKOA<\/strong><\/p>\r\n<p>Asimismo, el Usuario deber\u00e1 abstenerse de suprimir, alterar, eludir o manipular cualquier dispositivo de protecci\u00f3n o sistema de seguridad que estuviera instalado en el portal de <strong>ASOCIACION DE EMPRESARIOS DE HOSTELERIA DE GIPUZKOA.<\/strong><\/p>\r\n<p><strong><br><\/strong><\/p>\r\n<h3>Exclusi\u00f3n de garant\u00edas y de responsabilidades<\/h3>\r\n<p><strong>ASOCIACION DE EMPRESARIOS DE HOSTELERIA DE GIPUZKOA<\/strong> no garantiza la disponibilidad y continuidad del funcionamiento del Portal y de los Servicios. Cuando ello sea razonablemente posible advertir\u00e1 previamente acerca de las interrupciones en el funcionamiento del Portal y de los Servicios.<\/p>\r\n<p><strong>ASOCIACION DE EMPRESARIOS DE HOSTELERIA DE GIPUZKOA<\/strong> excluye cualquier responsabilidad por los da\u00f1os y perjuicios de toda naturaleza que puedan deberse a la presencia de virus o a la presencia de otros elementos en los contenidos que puedan producir alteraciones en el sistema inform\u00e1tico del Usuario, pese a haber adoptado previamente las medidas t\u00e9cnicas necesarias para evitarlo.<\/p>\r\n<p><strong>ASOCIACION DE EMPRESARIOS DE HOSTELERIA DE GIPUZKOA<\/strong> se reserva el derecho de efectuar, sin previo aviso, las modificaciones que considere oportunas en su portal, pudiendo modificar, suprimir o a\u00f1adir tanto los contenidos y servicios que se presten a trav\u00e9s de la misma como la forma en la que \u00e9stos aparezcan presentados o localizados en su Portal.<\/p>\r\n<p><br><\/p>\r\n<h3>Protecci\u00f3n de datos personales<\/h3>\r\n<p><strong>ASOCIACION DE EMPRESARIOS DE HOSTELERIA DE GIPUZKOA<\/strong> se encuentra profundamente comprometido con el cumplimiento de la normativa de protecci\u00f3n de datos de car\u00e1cter personal, y garantiza el cumplimiento \u00edntegro de las obligaciones dispuestas a tenor de la Ley Org\u00e1nica 3\/2018, de 5 de diciembre, de Protecci\u00f3n de Datos Personales y garant\u00eda de los derechos digitales.<\/p>\r\n<p><strong>ASOCIACION DE EMPRESARIOS DE HOSTELERIA DE GIPUZKOA<\/strong> le informa que da cumplimiento a la Ley 34\/2002 de 11 de Julio, de servicios de la Sociedad de la Informaci\u00f3n y del Comercio Electr\u00f3nico.<\/p>\r\n<p>Los datos facilitados por los interesados al contactar por mail o cumplimentar un formulario de contacto, ser\u00e1n objeto de tratamiento por parte de <strong>ASOCIACION DE EMPRESARIOS DE HOSTELERIA DE GIPUZKOA<\/strong>. Los datos personales, ser\u00e1n utilizados para contestar a la solicitud de la informaci\u00f3n planteada, siendo la base jur\u00eddica el consentimiento del interesado al remitirnos un correo electr\u00f3nico o aceptar nuestra pol\u00edtica de privacidad. La aceptaci\u00f3n de nuestra pol\u00edtica de privacidad implica su consentimiento expreso al tratamiento de sus datos para las finalidades descritas.<\/p>\r\n<ul>\r\n<li><a href=\"http:\/\/www.hosteleriagipuzkoa.com\/es\/politica-privacidad?var=asociarse\" target=\"_blank\" rel=\"noopener\">Pol\u00edtica de Privacidad de asociados<\/a><\/li>\r\n<li><a href=\"http:\/\/www.hosteleriagipuzkoa.com\/es\/politica-privacidad?var=candidatos\" target=\"_blank\" rel=\"noopener\">Pol\u00edtica de Privacidad de candidatos<\/a><\/li>\r\n<li><a href=\"http:\/\/www.hosteleriagipuzkoa.com\/es\/politica-privacidad\" target=\"_blank\" rel=\"noopener\">Pol\u00edtica de Privacidad solicitantes de informaci\u00f3n<\/a><\/li><li><br><\/li>\r\n<\/ul>\r\n<p>En cualquier momento se podr\u00e1n ejercer los derechos de acceso, rectificaci\u00f3n, oposici\u00f3n, portabilidad o limitaci\u00f3n al tratamiento. Para poder tramitar la solicitud de ejercicio de derechos, ser\u00e1 necesario comprobar la identidad del usuario, por lo que dicha comunicaci\u00f3n deber\u00e1 incluir nombre y apellidos, petici\u00f3n en que se concreta la solicitud, direcci\u00f3n a efectos de notificaciones, fecha, firma y fotocopia del DNI u otro documento v\u00e1lido identificativo. Se podr\u00e1 enviar el escrito por correo ordinario a la direcci\u00f3n <strong>ASOCIACION DE EMPRESARIOS DE HOSTELERIA DE GIPUZKOA C\/ ALMORTZA 2 &#8211; C.P. 20018 DONOSTIA<\/strong> o por correo electr\u00f3nico a <strong>administracion2@hosteleriagipuzkoa.com<\/strong>.<\/p>\r\n<p>Si considera que hay un problema con la forma en que <strong>ASOCIACION DE EMPRESARIOS DE HOSTELERIA DE GIPUZKOA<\/strong> est\u00e1 tratando sus datos, puede dirigir sus reclamaciones a la autoridad de protecci\u00f3n de datos que corresponda, siendo la Agencia Espa\u00f1ola de Protecci\u00f3n de Datos la indicada en el caso de territorio espa\u00f1ol.<\/p>\r\n<p>Cualquier modificaci\u00f3n por su parte en los datos de car\u00e1cter personal, deber\u00e1 ser puesta en conocimiento por parte del titular de los mismos al responsable de tratamiento de datos.<\/p>\r\n<p><strong>ASOCIACION DE EMPRESARIOS DE HOSTELERIA DE GIPUZKOA<\/strong> se reserva el derecho de modificar su pol\u00edtica de privacidad o condiciones de uso por motivos de adaptaci\u00f3n a la legislaci\u00f3n vigente. Se recomienda al usuario de este sitio web la revisi\u00f3n peri\u00f3dica de esta p\u00e1gina, ya que el uso de este sitio web por parte del usuario se entender\u00e1 como aceptaci\u00f3n de la pol\u00edtica de privacidad. Aseguramos la absoluta confidencialidad y privacidad de los datos personales recogidos. Se han adoptado las medidas de seguridad con el fin de evitar la alteraci\u00f3n, p\u00e9rdida, tratamiento o acceso no autorizado. Sin embargo, <strong>ASOCIACION DE EMPRESARIOS DE HOSTELERIA DE GIPUZKOA<\/strong> no ser\u00e1 responsable de las incidencias que puedan surgir en torno a datos personales cuando estas se deriven, o bien de un ataque o acceso no autorizado a los sistemas de tal forma que resulte imposible detectarlo o impedirlo aun adopt\u00e1ndose las medidas seg\u00fan el estado de la tecnolog\u00eda actual.<\/p>\r\n<\/div>\t\t\t\t\t\t\t\t<\/div>\n\t\t\t\t\t<\/div>\n\t\t<\/div>\n\t\t\t\t\t<\/div>\n\t\t<\/section>\n\t\t\t\t<\/div>\n\t\t","protected":false},"excerpt":{"rendered":"<p>RESPONSABLE: ASOCIACION DE EMPRESARIOS DE HOSTELERIA DE GIPUZKOACIF: G20056297DIRECCI\u00d3N: Calle Almortza, 2 20018 Donostia-San Sebasti\u00e1n.TEL\u00c9FONO: 943 31 60 40EMAIL: administracion2@hosteleriagipuzkoa.com Objeto ASOCIACION DE EMPRESARIOS DE HOSTELERIA DE GIPUZKOA responsable del [&hellip;]<\/p>\n","protected":false},"author":1,"featured_media":0,"parent":0,"menu_order":0,"comment_status":"closed","ping_status":"closed","template":"","meta":{"footnotes":""},"class_list":["post-2946","page","type-page","status-publish","hentry"],"yoast_head":"<!-- This site is optimized with the Yoast SEO plugin v27.3 - https:\/\/yoast.com\/product\/yoast-seo-wordpress\/ -->\n<title>Lege-oharra - Asociaci\u00f3n de Hosteler\u00eda de Gipuzkoa | Gipuzkoako Ostalaritza Elkartea<\/title>\n<meta name=\"robots\" content=\"index, follow, max-snippet:-1, max-image-preview:large, max-video-preview:-1\" \/>\n<link rel=\"canonical\" href=\"https:\/\/www.hosteleriagipuzkoa.com\/eu\/lege-oharra\/\" \/>\n<meta property=\"og:locale\" content=\"eu_ES\" \/>\n<meta property=\"og:type\" content=\"article\" \/>\n<meta property=\"og:title\" content=\"Lege-oharra - Asociaci\u00f3n de Hosteler\u00eda de Gipuzkoa | Gipuzkoako Ostalaritza Elkartea\" \/>\n<meta property=\"og:description\" content=\"RESPONSABLE: ASOCIACION DE EMPRESARIOS DE HOSTELERIA DE GIPUZKOACIF: G20056297DIRECCI\u00d3N: Calle Almortza, 2 20018 Donostia-San Sebasti\u00e1n.TEL\u00c9FONO: 943 31 60 40EMAIL: administracion2@hosteleriagipuzkoa.com Objeto ASOCIACION DE EMPRESARIOS DE HOSTELERIA DE GIPUZKOA responsable del [&hellip;]\" \/>\n<meta property=\"og:url\" content=\"https:\/\/www.hosteleriagipuzkoa.com\/eu\/lege-oharra\/\" \/>\n<meta property=\"og:site_name\" content=\"Asociaci\u00f3n de Hosteler\u00eda de Gipuzkoa | Gipuzkoako Ostalaritza Elkartea\" \/>\n<meta property=\"article:modified_time\" content=\"2023-04-25T11:06:02+00:00\" \/>\n<meta name=\"twitter:card\" content=\"summary_large_image\" \/>\n<meta name=\"twitter:label1\" content=\"Est. reading time\" \/>\n\t<meta name=\"twitter:data1\" content=\"5 minutes\" \/>\n<script type=\"application\/ld+json\" class=\"yoast-schema-graph\">{\"@context\":\"https:\\\/\\\/schema.org\",\"@graph\":[{\"@type\":\"WebPage\",\"@id\":\"https:\\\/\\\/www.hosteleriagipuzkoa.com\\\/eu\\\/lege-oharra\\\/\",\"url\":\"https:\\\/\\\/www.hosteleriagipuzkoa.com\\\/eu\\\/lege-oharra\\\/\",\"name\":\"Lege-oharra - Asociaci\u00f3n de Hosteler\u00eda de Gipuzkoa | Gipuzkoako Ostalaritza Elkartea\",\"isPartOf\":{\"@id\":\"https:\\\/\\\/www.hosteleriagipuzkoa.com\\\/#website\"},\"datePublished\":\"2023-03-22T08:57:42+00:00\",\"dateModified\":\"2023-04-25T11:06:02+00:00\",\"breadcrumb\":{\"@id\":\"https:\\\/\\\/www.hosteleriagipuzkoa.com\\\/eu\\\/lege-oharra\\\/#breadcrumb\"},\"inLanguage\":\"eu-ES\",\"potentialAction\":[{\"@type\":\"ReadAction\",\"target\":[\"https:\\\/\\\/www.hosteleriagipuzkoa.com\\\/eu\\\/lege-oharra\\\/\"]}]},{\"@type\":\"BreadcrumbList\",\"@id\":\"https:\\\/\\\/www.hosteleriagipuzkoa.com\\\/eu\\\/lege-oharra\\\/#breadcrumb\",\"itemListElement\":[{\"@type\":\"ListItem\",\"position\":1,\"name\":\"Portada\",\"item\":\"https:\\\/\\\/www.hosteleriagipuzkoa.com\\\/eu\\\/hasiera\\\/\"},{\"@type\":\"ListItem\",\"position\":2,\"name\":\"Lege-oharra\"}]},{\"@type\":\"WebSite\",\"@id\":\"https:\\\/\\\/www.hosteleriagipuzkoa.com\\\/#website\",\"url\":\"https:\\\/\\\/www.hosteleriagipuzkoa.com\\\/\",\"name\":\"Asociaci\u00f3n de Hosteler\u00eda de Gipuzkoa | Gipuzkoako Ostalaritza Elkartea\",\"description\":\"\",\"publisher\":{\"@id\":\"https:\\\/\\\/www.hosteleriagipuzkoa.com\\\/#organization\"},\"potentialAction\":[{\"@type\":\"SearchAction\",\"target\":{\"@type\":\"EntryPoint\",\"urlTemplate\":\"https:\\\/\\\/www.hosteleriagipuzkoa.com\\\/?s={search_term_string}\"},\"query-input\":{\"@type\":\"PropertyValueSpecification\",\"valueRequired\":true,\"valueName\":\"search_term_string\"}}],\"inLanguage\":\"eu-ES\"},{\"@type\":\"Organization\",\"@id\":\"https:\\\/\\\/www.hosteleriagipuzkoa.com\\\/#organization\",\"name\":\"Asociaci\u00f3n de Hosteler\u00eda de Gipuzkoa | Gipuzkoako Ostalaritza Elkartea\",\"url\":\"https:\\\/\\\/www.hosteleriagipuzkoa.com\\\/\",\"logo\":{\"@type\":\"ImageObject\",\"inLanguage\":\"eu-ES\",\"@id\":\"https:\\\/\\\/www.hosteleriagipuzkoa.com\\\/#\\\/schema\\\/logo\\\/image\\\/\",\"url\":\"https:\\\/\\\/www.hosteleriagipuzkoa.com\\\/wp-content\\\/uploads\\\/2022\\\/02\\\/logo-hosteleria-gipuzkoa.png\",\"contentUrl\":\"https:\\\/\\\/www.hosteleriagipuzkoa.com\\\/wp-content\\\/uploads\\\/2022\\\/02\\\/logo-hosteleria-gipuzkoa.png\",\"width\":175,\"height\":99,\"caption\":\"Asociaci\u00f3n de Hosteler\u00eda de Gipuzkoa | Gipuzkoako Ostalaritza Elkartea\"},\"image\":{\"@id\":\"https:\\\/\\\/www.hosteleriagipuzkoa.com\\\/#\\\/schema\\\/logo\\\/image\\\/\"}}]}<\/script>\n<!-- \/ Yoast SEO plugin. -->","yoast_head_json":{"title":"Lege-oharra - Asociaci\u00f3n de Hosteler\u00eda de Gipuzkoa | Gipuzkoako Ostalaritza Elkartea","robots":{"index":"index","follow":"follow","max-snippet":"max-snippet:-1","max-image-preview":"max-image-preview:large","max-video-preview":"max-video-preview:-1"},"canonical":"https:\/\/www.hosteleriagipuzkoa.com\/eu\/lege-oharra\/","og_locale":"eu_ES","og_type":"article","og_title":"Lege-oharra - Asociaci\u00f3n de Hosteler\u00eda de Gipuzkoa | Gipuzkoako Ostalaritza Elkartea","og_description":"RESPONSABLE: ASOCIACION DE EMPRESARIOS DE HOSTELERIA DE GIPUZKOACIF: G20056297DIRECCI\u00d3N: Calle Almortza, 2 20018 Donostia-San Sebasti\u00e1n.TEL\u00c9FONO: 943 31 60 40EMAIL: administracion2@hosteleriagipuzkoa.com Objeto ASOCIACION DE EMPRESARIOS DE HOSTELERIA DE GIPUZKOA responsable del [&hellip;]","og_url":"https:\/\/www.hosteleriagipuzkoa.com\/eu\/lege-oharra\/","og_site_name":"Asociaci\u00f3n de Hosteler\u00eda de Gipuzkoa | Gipuzkoako Ostalaritza Elkartea","article_modified_time":"2023-04-25T11:06:02+00:00","twitter_card":"summary_large_image","twitter_misc":{"Est. reading time":"5 minutes"},"schema":{"@context":"https:\/\/schema.org","@graph":[{"@type":"WebPage","@id":"https:\/\/www.hosteleriagipuzkoa.com\/eu\/lege-oharra\/","url":"https:\/\/www.hosteleriagipuzkoa.com\/eu\/lege-oharra\/","name":"Lege-oharra - Asociaci\u00f3n de Hosteler\u00eda de Gipuzkoa | Gipuzkoako Ostalaritza Elkartea","isPartOf":{"@id":"https:\/\/www.hosteleriagipuzkoa.com\/#website"},"datePublished":"2023-03-22T08:57:42+00:00","dateModified":"2023-04-25T11:06:02+00:00","breadcrumb":{"@id":"https:\/\/www.hosteleriagipuzkoa.com\/eu\/lege-oharra\/#breadcrumb"},"inLanguage":"eu-ES","potentialAction":[{"@type":"ReadAction","target":["https:\/\/www.hosteleriagipuzkoa.com\/eu\/lege-oharra\/"]}]},{"@type":"BreadcrumbList","@id":"https:\/\/www.hosteleriagipuzkoa.com\/eu\/lege-oharra\/#breadcrumb","itemListElement":[{"@type":"ListItem","position":1,"name":"Portada","item":"https:\/\/www.hosteleriagipuzkoa.com\/eu\/hasiera\/"},{"@type":"ListItem","position":2,"name":"Lege-oharra"}]},{"@type":"WebSite","@id":"https:\/\/www.hosteleriagipuzkoa.com\/#website","url":"https:\/\/www.hosteleriagipuzkoa.com\/","name":"Asociaci\u00f3n de Hosteler\u00eda de Gipuzkoa | Gipuzkoako Ostalaritza Elkartea","description":"","publisher":{"@id":"https:\/\/www.hosteleriagipuzkoa.com\/#organization"},"potentialAction":[{"@type":"SearchAction","target":{"@type":"EntryPoint","urlTemplate":"https:\/\/www.hosteleriagipuzkoa.com\/?s={search_term_string}"},"query-input":{"@type":"PropertyValueSpecification","valueRequired":true,"valueName":"search_term_string"}}],"inLanguage":"eu-ES"},{"@type":"Organization","@id":"https:\/\/www.hosteleriagipuzkoa.com\/#organization","name":"Asociaci\u00f3n de Hosteler\u00eda de Gipuzkoa | Gipuzkoako Ostalaritza Elkartea","url":"https:\/\/www.hosteleriagipuzkoa.com\/","logo":{"@type":"ImageObject","inLanguage":"eu-ES","@id":"https:\/\/www.hosteleriagipuzkoa.com\/#\/schema\/logo\/image\/","url":"https:\/\/www.hosteleriagipuzkoa.com\/wp-content\/uploads\/2022\/02\/logo-hosteleria-gipuzkoa.png","contentUrl":"https:\/\/www.hosteleriagipuzkoa.com\/wp-content\/uploads\/2022\/02\/logo-hosteleria-gipuzkoa.png","width":175,"height":99,"caption":"Asociaci\u00f3n de Hosteler\u00eda de Gipuzkoa | Gipuzkoako Ostalaritza Elkartea"},"image":{"@id":"https:\/\/www.hosteleriagipuzkoa.com\/#\/schema\/logo\/image\/"}}]}},"_links":{"self":[{"href":"https:\/\/www.hosteleriagipuzkoa.com\/eu\/wp-json\/wp\/v2\/pages\/2946","targetHints":{"allow":["GET"]}}],"collection":[{"href":"https:\/\/www.hosteleriagipuzkoa.com\/eu\/wp-json\/wp\/v2\/pages"}],"about":[{"href":"https:\/\/www.hosteleriagipuzkoa.com\/eu\/wp-json\/wp\/v2\/types\/page"}],"author":[{"embeddable":true,"href":"https:\/\/www.hosteleriagipuzkoa.com\/eu\/wp-json\/wp\/v2\/users\/1"}],"replies":[{"embeddable":true,"href":"https:\/\/www.hosteleriagipuzkoa.com\/eu\/wp-json\/wp\/v2\/comments?post=2946"}],"version-history":[{"count":1,"href":"https:\/\/www.hosteleriagipuzkoa.com\/eu\/wp-json\/wp\/v2\/pages\/2946\/revisions"}],"predecessor-version":[{"id":2947,"href":"https:\/\/www.hosteleriagipuzkoa.com\/eu\/wp-json\/wp\/v2\/pages\/2946\/revisions\/2947"}],"wp:attachment":[{"href":"https:\/\/www.hosteleriagipuzkoa.com\/eu\/wp-json\/wp\/v2\/media?parent=2946"}],"curies":[{"name":"wp","href":"https:\/\/api.w.org\/{rel}","templated":true}]}}